{"id":1462,"date":"2023-05-16T13:47:33","date_gmt":"2023-05-16T12:47:33","guid":{"rendered":"https:\/\/m9c.idi.ntnu.no\/?page_id=1462"},"modified":"2023-05-16T15:53:05","modified_gmt":"2023-05-16T14:53:05","slug":"multiplier-event-2","status":"publish","type":"page","link":"https:\/\/m9c.idi.ntnu.no\/index.php\/multiplier-event-2\/","title":{"rendered":"Multiplier Event 2"},"content":{"rendered":"\n<h2 class=\"wp-block-heading\">Tools and means to train the facilitator<\/h2>\n\n\n\n<hr class=\"wp-block-separator has-alpha-channel-opacity is-style-wide\"\/>\n\n\n\n<h3 class=\"wp-block-heading\"><strong>Facilitating Migrant Entrepreneurship<\/strong><\/h3>\n\n\n\n<h4 class=\"wp-block-heading\"><strong>Supporting refugees and migrants to start their own business<\/strong><\/h4>\n\n\n\n<p>The second multiplier event was organised from Lithuania, as an international event on Tuesday the 14.th of March 2023. The conference was moved from Norway to Lithuania. The conference had more than 70 participants.<\/p>\n\n\n\n<p>The aim for the event was:<\/p>\n\n\n\n<ul class=\"wp-block-list\">\n<li>To learn from the supporting organisations in the Jonava district<\/li>\n\n\n\n<li>To learn from Lithuanian migrants that has started their own business<\/li>\n\n\n\n<li>To present some of the work done in Mastering 9 Conversations<\/li>\n\n\n\n<li>To have feedback of what we are doing<\/li>\n\n\n\n<li>To establish contact for further collaboration<\/li>\n<\/ul>\n\n\n\n<p>The target group of the event was:<\/p>\n\n\n\n<ul class=\"wp-block-list\">\n<li>Lithuanian and European authorities<\/li>\n\n\n\n<li>Support organisations for Migrant \/ refugees<\/li>\n\n\n\n<li>The project team<\/li>\n<\/ul>\n\n\n\n<p>The event was divided into several parts:<\/p>\n\n\n\n<ol class=\"wp-block-list\" type=\"A\">\n<li>An overview of the refugee and migrant situation in Lithuania<\/li>\n\n\n\n<li>An overall presentation of the project<\/li>\n\n\n\n<li>Presentation of the enhanced 9 Conversation programme (IO-1 to IO-4)<\/li>\n\n\n\n<li>Life stories from three migrants that have started their own business in Lithuania<br><br><\/li>\n<\/ol>\n\n\n\n<h3 class=\"wp-block-heading\">Hosteses<\/h3>\n\n\n\n<figure class=\"wp-block-image aligncenter size-full\"><img loading=\"lazy\" decoding=\"async\" width=\"823\" height=\"589\" src=\"https:\/\/m9c.idi.ntnu.no\/wp-content\/uploads\/2023\/05\/ME2_1.jpg\" alt=\"\" class=\"wp-image-1468\" srcset=\"https:\/\/m9c.idi.ntnu.no\/wp-content\/uploads\/2023\/05\/ME2_1.jpg 823w, https:\/\/m9c.idi.ntnu.no\/wp-content\/uploads\/2023\/05\/ME2_1-300x215.jpg 300w, https:\/\/m9c.idi.ntnu.no\/wp-content\/uploads\/2023\/05\/ME2_1-768x550.jpg 768w\" sizes=\"auto, (max-width: 823px) 100vw, 823px\" \/><figcaption class=\"wp-element-caption\">Julita Pigulevi\u010dien\u0117 and Valentina Demidenko.<\/figcaption><\/figure>\n\n\n\n<p>Julita Pigulevi\u010dien\u0117 from the Social Project Institute (right) together with Valentina Demidenko from Jonava Social Service Center did a great job to organize and host the Multiplier event.<\/p>\n\n\n\n<h3 class=\"wp-block-heading\">Welcome from the authorities<\/h3>\n\n\n\n<p>All the participants were welcomed by Birut\u0117 Gailien\u0117 \u2013 deputy mayor of Jonava, and Lineta Jakimavi\u010dien\u0117 \u2013 deputy director of the city administration. Congratulatory words and interest in the project were expressed by the Refugees integration experts from the Lithuanian Ministry of Social Security and Labor \u2013 Aist\u0117 Gerikait\u0117-\u0160\u016bkien\u0117, Laura Perevi\u010di\u016bt\u0117 and the deputy director of the Lithuanian Department of Social Services Supervision \u2013 Egl\u0117 Kuisien\u0117 and \u017divil\u0117 \u0160ukyt\u0117-Kraskauskien\u0117.<\/p>\n\n\n\n<h3 class=\"wp-block-heading\">The local TV covered the event<\/h3>\n\n\n\n<figure class=\"wp-block-image aligncenter size-large\"><img loading=\"lazy\" decoding=\"async\" width=\"1024\" height=\"696\" src=\"https:\/\/m9c.idi.ntnu.no\/wp-content\/uploads\/2023\/05\/ME2_2-1024x696.jpg\" alt=\"\" class=\"wp-image-1474\" srcset=\"https:\/\/m9c.idi.ntnu.no\/wp-content\/uploads\/2023\/05\/ME2_2-1024x696.jpg 1024w, https:\/\/m9c.idi.ntnu.no\/wp-content\/uploads\/2023\/05\/ME2_2-300x204.jpg 300w, https:\/\/m9c.idi.ntnu.no\/wp-content\/uploads\/2023\/05\/ME2_2-768x522.jpg 768w, https:\/\/m9c.idi.ntnu.no\/wp-content\/uploads\/2023\/05\/ME2_2.jpg 1386w\" sizes=\"auto, (max-width: 1024px) 100vw, 1024px\" \/><figcaption class=\"wp-element-caption\">Local TV AVVA news.<\/figcaption><\/figure>\n\n\n\n<p>The event was recorded and presented on local TV AVVA news. Link to the record (in Lithuanian, starting from the minute 4:05): <a href=\"https:\/\/www.youtube.com\/watch?v=xM5-XlGWSpY\">https:\/\/www.youtube.com\/watch?v=xM5-XlGWSpY<\/a>.<\/p>\n\n\n\n<h3 class=\"wp-block-heading\">Project presentations<\/h3>\n\n\n\n<div class=\"wp-block-columns is-layout-flex wp-container-core-columns-is-layout-28f84493 wp-block-columns-is-layout-flex\">\n<div class=\"wp-block-column is-layout-flow wp-block-column-is-layout-flow\">\n<figure class=\"wp-block-image size-full\"><img loading=\"lazy\" decoding=\"async\" width=\"688\" height=\"516\" src=\"https:\/\/m9c.idi.ntnu.no\/wp-content\/uploads\/2023\/05\/ME2_3.jpg\" alt=\"\" class=\"wp-image-1479\" srcset=\"https:\/\/m9c.idi.ntnu.no\/wp-content\/uploads\/2023\/05\/ME2_3.jpg 688w, https:\/\/m9c.idi.ntnu.no\/wp-content\/uploads\/2023\/05\/ME2_3-300x225.jpg 300w\" sizes=\"auto, (max-width: 688px) 100vw, 688px\" \/><figcaption class=\"wp-element-caption\">Thorleif Hjeltnes.<\/figcaption><\/figure>\n<\/div>\n\n\n\n<div class=\"wp-block-column is-layout-flow wp-block-column-is-layout-flow\">\n<figure class=\"wp-block-image size-full\"><img loading=\"lazy\" decoding=\"async\" width=\"690\" height=\"518\" src=\"https:\/\/m9c.idi.ntnu.no\/wp-content\/uploads\/2023\/05\/ME2_4.jpg\" alt=\"\" class=\"wp-image-1480\" srcset=\"https:\/\/m9c.idi.ntnu.no\/wp-content\/uploads\/2023\/05\/ME2_4.jpg 690w, https:\/\/m9c.idi.ntnu.no\/wp-content\/uploads\/2023\/05\/ME2_4-300x225.jpg 300w\" sizes=\"auto, (max-width: 690px) 100vw, 690px\" \/><figcaption class=\"wp-element-caption\">The audience.<\/figcaption><\/figure>\n<\/div>\n<\/div>\n\n\n\n<p>Thorleif Hjeltnes, the project manager, from the research foundation TISIP, gave a short introduction of the aims and the tasks in the Mastering 9 conversation project.<\/p>\n\n\n\n<div class=\"wp-block-columns is-layout-flex wp-container-core-columns-is-layout-28f84493 wp-block-columns-is-layout-flex\">\n<div class=\"wp-block-column is-layout-flow wp-block-column-is-layout-flow\">\n<figure class=\"wp-block-image aligncenter size-full is-resized\"><img loading=\"lazy\" decoding=\"async\" src=\"https:\/\/m9c.idi.ntnu.no\/wp-content\/uploads\/2023\/05\/ME2_5.jpg\" alt=\"\" class=\"wp-image-1483\" width=\"439\" height=\"314\" srcset=\"https:\/\/m9c.idi.ntnu.no\/wp-content\/uploads\/2023\/05\/ME2_5.jpg 566w, https:\/\/m9c.idi.ntnu.no\/wp-content\/uploads\/2023\/05\/ME2_5-300x215.jpg 300w\" sizes=\"auto, (max-width: 439px) 100vw, 439px\" \/><figcaption class=\"wp-element-caption\">Bj\u00f8rn Klefstad.<\/figcaption><\/figure>\n<\/div>\n\n\n\n<div class=\"wp-block-column is-layout-flow wp-block-column-is-layout-flow\">\n<figure class=\"wp-block-image aligncenter size-full is-resized\"><img loading=\"lazy\" decoding=\"async\" src=\"https:\/\/m9c.idi.ntnu.no\/wp-content\/uploads\/2023\/05\/ME2_6.jpg\" alt=\"\" class=\"wp-image-1484\" width=\"520\" height=\"324\" srcset=\"https:\/\/m9c.idi.ntnu.no\/wp-content\/uploads\/2023\/05\/ME2_6.jpg 650w, https:\/\/m9c.idi.ntnu.no\/wp-content\/uploads\/2023\/05\/ME2_6-300x187.jpg 300w\" sizes=\"auto, (max-width: 520px) 100vw, 520px\" \/><figcaption class=\"wp-element-caption\">Marco Temeprini on Teams.<\/figcaption><\/figure>\n<\/div>\n<\/div>\n\n\n\n<p>Bj\u00f8rn Klefstad from NTNU presented the LowTech LMS to be used in the project, while Marco Temeprini on Teams from University of Rome introduced all the support funcions, like handbooks, badges and pedagogical approches in the project.<\/p>\n\n\n\n<figure class=\"wp-block-image aligncenter size-full\"><img loading=\"lazy\" decoding=\"async\" width=\"938\" height=\"703\" src=\"https:\/\/m9c.idi.ntnu.no\/wp-content\/uploads\/2023\/05\/ME2_7.jpg\" alt=\"\" class=\"wp-image-1491\" srcset=\"https:\/\/m9c.idi.ntnu.no\/wp-content\/uploads\/2023\/05\/ME2_7.jpg 938w, https:\/\/m9c.idi.ntnu.no\/wp-content\/uploads\/2023\/05\/ME2_7-300x225.jpg 300w, https:\/\/m9c.idi.ntnu.no\/wp-content\/uploads\/2023\/05\/ME2_7-768x576.jpg 768w\" sizes=\"auto, (max-width: 938px) 100vw, 938px\" \/><figcaption class=\"wp-element-caption\">Anne Fox.<\/figcaption><\/figure>\n\n\n\n<p>Anne Fox introduced to the participants what it takes to give the 9 Conversations course, and how people from the Refugee Support Organisations will learn how to set up and give the course by doing the train the facilitator course, and what templates and handbooks that are available.<\/p>\n\n\n\n<h3 class=\"wp-block-heading\">Meals<\/h3>\n\n\n\n<div class=\"wp-block-columns is-layout-flex wp-container-core-columns-is-layout-28f84493 wp-block-columns-is-layout-flex\">\n<div class=\"wp-block-column is-layout-flow wp-block-column-is-layout-flow\">\n<figure class=\"wp-block-image size-full\"><img loading=\"lazy\" decoding=\"async\" width=\"642\" height=\"428\" src=\"https:\/\/m9c.idi.ntnu.no\/wp-content\/uploads\/2023\/05\/ME2_8.jpg\" alt=\"\" class=\"wp-image-1493\" srcset=\"https:\/\/m9c.idi.ntnu.no\/wp-content\/uploads\/2023\/05\/ME2_8.jpg 642w, https:\/\/m9c.idi.ntnu.no\/wp-content\/uploads\/2023\/05\/ME2_8-300x200.jpg 300w\" sizes=\"auto, (max-width: 642px) 100vw, 642px\" \/><\/figure>\n<\/div>\n\n\n\n<div class=\"wp-block-column is-layout-flow wp-block-column-is-layout-flow\">\n<figure class=\"wp-block-image size-full\"><img loading=\"lazy\" decoding=\"async\" width=\"637\" height=\"425\" src=\"https:\/\/m9c.idi.ntnu.no\/wp-content\/uploads\/2023\/05\/ME2_9.jpg\" alt=\"\" class=\"wp-image-1494\" srcset=\"https:\/\/m9c.idi.ntnu.no\/wp-content\/uploads\/2023\/05\/ME2_9.jpg 637w, https:\/\/m9c.idi.ntnu.no\/wp-content\/uploads\/2023\/05\/ME2_9-300x200.jpg 300w\" sizes=\"auto, (max-width: 637px) 100vw, 637px\" \/><\/figure>\n<\/div>\n<\/div>\n\n\n\n<p>During the conference we could enjoy a lot of nice food all prepared by the refugees, both food from Ukraine as well as arabic food.<\/p>\n\n\n\n<div class=\"wp-block-columns is-layout-flex wp-container-core-columns-is-layout-28f84493 wp-block-columns-is-layout-flex\">\n<div class=\"wp-block-column is-layout-flow wp-block-column-is-layout-flow\" style=\"flex-basis:66.66%\">\n<figure class=\"wp-block-image size-full is-resized\"><img loading=\"lazy\" decoding=\"async\" src=\"https:\/\/m9c.idi.ntnu.no\/wp-content\/uploads\/2023\/05\/ME2_10.jpg\" alt=\"\" class=\"wp-image-1495\" width=\"704\" height=\"469\" srcset=\"https:\/\/m9c.idi.ntnu.no\/wp-content\/uploads\/2023\/05\/ME2_10.jpg 804w, https:\/\/m9c.idi.ntnu.no\/wp-content\/uploads\/2023\/05\/ME2_10-300x200.jpg 300w, https:\/\/m9c.idi.ntnu.no\/wp-content\/uploads\/2023\/05\/ME2_10-768x512.jpg 768w\" sizes=\"auto, (max-width: 704px) 100vw, 704px\" \/><figcaption class=\"wp-element-caption\">Eisa Mohammad, a Syrian refugee. <\/figcaption><\/figure>\n<\/div>\n\n\n\n<div class=\"wp-block-column is-layout-flow wp-block-column-is-layout-flow\" style=\"flex-basis:33.33%\">\n<figure class=\"wp-block-image size-full is-resized\"><img loading=\"lazy\" decoding=\"async\" src=\"https:\/\/m9c.idi.ntnu.no\/wp-content\/uploads\/2023\/05\/ME2_11.jpg\" alt=\"\" class=\"wp-image-1496\" width=\"299\" height=\"449\" srcset=\"https:\/\/m9c.idi.ntnu.no\/wp-content\/uploads\/2023\/05\/ME2_11.jpg 357w, https:\/\/m9c.idi.ntnu.no\/wp-content\/uploads\/2023\/05\/ME2_11-200x300.jpg 200w\" sizes=\"auto, (max-width: 299px) 100vw, 299px\" \/><figcaption class=\"wp-element-caption\">Refugee women from Ukraine: Olha Kunytska and Nataliia Bondarchuk.<\/figcaption><\/figure>\n<\/div>\n<\/div>\n\n\n\n<h3 class=\"wp-block-heading\">Migrants \/ Refugees tell their stories<\/h3>\n\n\n\n<figure class=\"wp-block-image aligncenter size-full\"><img loading=\"lazy\" decoding=\"async\" width=\"712\" height=\"534\" src=\"https:\/\/m9c.idi.ntnu.no\/wp-content\/uploads\/2023\/05\/ME2_12.jpg\" alt=\"\" class=\"wp-image-1500\" srcset=\"https:\/\/m9c.idi.ntnu.no\/wp-content\/uploads\/2023\/05\/ME2_12.jpg 712w, https:\/\/m9c.idi.ntnu.no\/wp-content\/uploads\/2023\/05\/ME2_12-300x225.jpg 300w\" sizes=\"auto, (max-width: 712px) 100vw, 712px\" \/><figcaption class=\"wp-element-caption\">Natalia Didenko, Ukrainian artist, coacher and entrepreneur.<\/figcaption><\/figure>\n\n\n\n<figure class=\"wp-block-image aligncenter size-full\"><img loading=\"lazy\" decoding=\"async\" width=\"711\" height=\"533\" src=\"https:\/\/m9c.idi.ntnu.no\/wp-content\/uploads\/2023\/05\/ME2_13.jpg\" alt=\"\" class=\"wp-image-1502\" srcset=\"https:\/\/m9c.idi.ntnu.no\/wp-content\/uploads\/2023\/05\/ME2_13.jpg 711w, https:\/\/m9c.idi.ntnu.no\/wp-content\/uploads\/2023\/05\/ME2_13-300x225.jpg 300w\" sizes=\"auto, (max-width: 711px) 100vw, 711px\" \/><figcaption class=\"wp-element-caption\">Gubani Alchastova, a refugee woman from Chechnya.<\/figcaption><\/figure>\n\n\n\n<figure class=\"wp-block-image aligncenter size-full\"><img loading=\"lazy\" decoding=\"async\" width=\"934\" height=\"616\" src=\"https:\/\/m9c.idi.ntnu.no\/wp-content\/uploads\/2023\/05\/ME2_14.jpg\" alt=\"\" class=\"wp-image-1505\" srcset=\"https:\/\/m9c.idi.ntnu.no\/wp-content\/uploads\/2023\/05\/ME2_14.jpg 934w, https:\/\/m9c.idi.ntnu.no\/wp-content\/uploads\/2023\/05\/ME2_14-300x198.jpg 300w, https:\/\/m9c.idi.ntnu.no\/wp-content\/uploads\/2023\/05\/ME2_14-768x507.jpg 768w\" sizes=\"auto, (max-width: 934px) 100vw, 934px\" \/><figcaption class=\"wp-element-caption\">Oksana Mentkevich, a refugee from the Ukrainian, an employee of the Jonava Social services Center. <br>And translator from Social Projects Institute \u2013 Rasa Dambrauskien\u0117.<\/figcaption><\/figure>\n\n\n\n<figure class=\"wp-block-image aligncenter size-full\"><img loading=\"lazy\" decoding=\"async\" width=\"936\" height=\"628\" src=\"https:\/\/m9c.idi.ntnu.no\/wp-content\/uploads\/2023\/05\/ME2_15.jpg\" alt=\"\" class=\"wp-image-1507\" srcset=\"https:\/\/m9c.idi.ntnu.no\/wp-content\/uploads\/2023\/05\/ME2_15.jpg 936w, https:\/\/m9c.idi.ntnu.no\/wp-content\/uploads\/2023\/05\/ME2_15-300x201.jpg 300w, https:\/\/m9c.idi.ntnu.no\/wp-content\/uploads\/2023\/05\/ME2_15-768x515.jpg 768w\" sizes=\"auto, (max-width: 936px) 100vw, 936px\" \/><figcaption class=\"wp-element-caption\">Yana Vovk, a refugee from the Ukrainian, an employee of the Jonava Social services center.<\/figcaption><\/figure>\n\n\n\n<figure class=\"wp-block-image aligncenter size-full\"><img loading=\"lazy\" decoding=\"async\" width=\"840\" height=\"575\" src=\"https:\/\/m9c.idi.ntnu.no\/wp-content\/uploads\/2023\/05\/ME2_16.jpg\" alt=\"\" class=\"wp-image-1508\" srcset=\"https:\/\/m9c.idi.ntnu.no\/wp-content\/uploads\/2023\/05\/ME2_16.jpg 840w, https:\/\/m9c.idi.ntnu.no\/wp-content\/uploads\/2023\/05\/ME2_16-300x205.jpg 300w, https:\/\/m9c.idi.ntnu.no\/wp-content\/uploads\/2023\/05\/ME2_16-768x526.jpg 768w\" sizes=\"auto, (max-width: 840px) 100vw, 840px\" \/><figcaption class=\"wp-element-caption\">Andulrazzak Awf, a refugee from Syria, entrepreneur and an employee of Jonava social services center.<\/figcaption><\/figure>\n\n\n\n<h4 class=\"wp-block-heading\">Refugee supporting organisations<\/h4>\n\n\n\n<figure class=\"wp-block-image aligncenter size-full\"><img loading=\"lazy\" decoding=\"async\" width=\"660\" height=\"495\" src=\"https:\/\/m9c.idi.ntnu.no\/wp-content\/uploads\/2023\/05\/ME2_17.jpg\" alt=\"\" class=\"wp-image-1511\" srcset=\"https:\/\/m9c.idi.ntnu.no\/wp-content\/uploads\/2023\/05\/ME2_17.jpg 660w, https:\/\/m9c.idi.ntnu.no\/wp-content\/uploads\/2023\/05\/ME2_17-300x225.jpg 300w\" sizes=\"auto, (max-width: 660px) 100vw, 660px\" \/><figcaption class=\"wp-element-caption\">Erika Santangeli and Ilaria Signoriello from CReA Association.<\/figcaption><\/figure>\n\n\n\n<figure class=\"wp-block-image aligncenter size-full\"><img loading=\"lazy\" decoding=\"async\" width=\"656\" height=\"478\" src=\"https:\/\/m9c.idi.ntnu.no\/wp-content\/uploads\/2023\/05\/ME2_18.jpg\" alt=\"\" class=\"wp-image-1512\" srcset=\"https:\/\/m9c.idi.ntnu.no\/wp-content\/uploads\/2023\/05\/ME2_18.jpg 656w, https:\/\/m9c.idi.ntnu.no\/wp-content\/uploads\/2023\/05\/ME2_18-300x219.jpg 300w\" sizes=\"auto, (max-width: 656px) 100vw, 656px\" \/><figcaption class=\"wp-element-caption\">Viktor Ostrovnoj, &nbsp;Head of the Asylum and Migration Program of the Lithuanian Red Cross Society.<\/figcaption><\/figure>\n\n\n\n<figure class=\"wp-block-image aligncenter size-full\"><img loading=\"lazy\" decoding=\"async\" width=\"761\" height=\"571\" src=\"https:\/\/m9c.idi.ntnu.no\/wp-content\/uploads\/2023\/05\/ME2_19.jpg\" alt=\"\" class=\"wp-image-1515\" srcset=\"https:\/\/m9c.idi.ntnu.no\/wp-content\/uploads\/2023\/05\/ME2_19.jpg 761w, https:\/\/m9c.idi.ntnu.no\/wp-content\/uploads\/2023\/05\/ME2_19-300x225.jpg 300w\" sizes=\"auto, (max-width: 761px) 100vw, 761px\" \/><figcaption class=\"wp-element-caption\">Valentina Demidenko presented the work of the Jonava Social Service Center.<\/figcaption><\/figure>\n\n\n\n<h3 class=\"wp-block-heading\">Feedback from the event<\/h3>\n\n\n\n<figure class=\"wp-block-image aligncenter size-full\"><img loading=\"lazy\" decoding=\"async\" width=\"746\" height=\"560\" src=\"https:\/\/m9c.idi.ntnu.no\/wp-content\/uploads\/2023\/05\/ME2_20.jpg\" alt=\"\" class=\"wp-image-1517\" srcset=\"https:\/\/m9c.idi.ntnu.no\/wp-content\/uploads\/2023\/05\/ME2_20.jpg 746w, https:\/\/m9c.idi.ntnu.no\/wp-content\/uploads\/2023\/05\/ME2_20-300x225.jpg 300w\" sizes=\"auto, (max-width: 746px) 100vw, 746px\" \/><figcaption class=\"wp-element-caption\">Au\u0161rin\u0117 Balkaityt\u0117.<\/figcaption><\/figure>\n\n\n\n<p>Au\u0161rin\u0117 Balkaityt\u0117 made a drawing that summarizes the whole event, and interconnections between all the elements in the projects 9 Conversations as well as Mastering 9 Conversations \u2013 very impressive, visualization like a Mind map using pencil and pen. A lot of details without any faults!<\/p>\n\n\n\n<h3 class=\"wp-block-heading\">Statements from some of the participants<\/h3>\n\n\n\n<h4 class=\"wp-block-heading\">The opinion of a specialist from the Lithuanian Employment Service<\/h4>\n\n\n\n<p><em>&#8220;It is very interesting conference. I would like to get acquainted with the M9C products when they are finished. Our organization is responsible for the integration of refugees into the labor market, so we are really interested. We would like to train our specialist who works with refugees, so that after she could apply this method in his work&#8221; <\/em>(Kristina Ka\u0161auskien\u0117)<\/p>\n\n\n\n<h4 class=\"wp-block-heading\">The opinion of an employee of the Lithuanian Red Cross Society<\/h4>\n\n\n\n<p>&#8220;<em>In our NGO I work in with the employment of refugees and I think that some of them could use the M9C project tool to create their own business\u2026 For me, as for the specialist, it also would be good to receive M9C training. I think it would be really useful&#8230;&#8221; <\/em>(Viktor Ostrovnoj)<\/p>\n\n\n\n<h3 class=\"wp-block-heading\">Our hosts \u2013 immigrants and their helpers<\/h3>\n\n\n\n<figure class=\"wp-block-image aligncenter size-large\"><img loading=\"lazy\" decoding=\"async\" width=\"1024\" height=\"495\" src=\"https:\/\/m9c.idi.ntnu.no\/wp-content\/uploads\/2023\/05\/ME2_21-1024x495.jpg\" alt=\"\" class=\"wp-image-1518\" srcset=\"https:\/\/m9c.idi.ntnu.no\/wp-content\/uploads\/2023\/05\/ME2_21-1024x495.jpg 1024w, https:\/\/m9c.idi.ntnu.no\/wp-content\/uploads\/2023\/05\/ME2_21-300x145.jpg 300w, https:\/\/m9c.idi.ntnu.no\/wp-content\/uploads\/2023\/05\/ME2_21-768x371.jpg 768w, https:\/\/m9c.idi.ntnu.no\/wp-content\/uploads\/2023\/05\/ME2_21.jpg 1220w\" sizes=\"auto, (max-width: 1024px) 100vw, 1024px\" \/><figcaption class=\"wp-element-caption\">Hosts, immigrants and their helpers.<\/figcaption><\/figure>\n","protected":false},"excerpt":{"rendered":"<p>Tools and means to train the facilitator Facilitating Migrant Entrepreneurship Supporting refugees and migrants to start their own business The second multiplier event was organised from Lithuania, as an international event on Tuesday the 14.th of March 2023. The conference was moved from Norway to Lithuania. The conference had more than 70 participants. The aim &hellip;<\/p>\n<p class=\"read-more\"> <a class=\"\" href=\"https:\/\/m9c.idi.ntnu.no\/index.php\/multiplier-event-2\/\"> <span class=\"screen-reader-text\">Multiplier Event 2<\/span> Read More &raquo;<\/a><\/p>\n","protected":false},"author":2,"featured_media":0,"parent":0,"menu_order":0,"comment_status":"closed","ping_status":"closed","template":"","meta":{"site-sidebar-layout":"default","site-content-layout":"","ast-site-content-layout":"","site-content-style":"default","site-sidebar-style":"default","ast-global-header-display":"","ast-banner-title-visibility":"","ast-main-header-display":"","ast-hfb-above-header-display":"","ast-hfb-below-header-display":"","ast-hfb-mobile-header-display":"","site-post-title":"","ast-breadcrumbs-content":"","ast-featured-img":"","footer-sml-layout":"","theme-transparent-header-meta":"","adv-header-id-meta":"","stick-header-meta":"","header-above-stick-meta":"","header-main-stick-meta":"","header-below-stick-meta":"","astra-migrate-meta-layouts":"","ast-page-background-enabled":"default","ast-page-background-meta":{"desktop":{"background-color":"","background-image":"","background-repeat":"repeat","background-position":"center center","background-size":"auto","background-attachment":"scroll","background-type":"","background-media":"","overlay-type":"","overlay-color":"","overlay-gradient":""},"tablet":{"background-color":"","background-image":"","background-repeat":"repeat","background-position":"center center","background-size":"auto","background-attachment":"scroll","background-type":"","background-media":"","overlay-type":"","overlay-color":"","overlay-gradient":""},"mobile":{"background-color":"","background-image":"","background-repeat":"repeat","background-position":"center center","background-size":"auto","background-attachment":"scroll","background-type":"","background-media":"","overlay-type":"","overlay-color":"","overlay-gradient":""}},"ast-content-background-meta":{"desktop":{"background-color":"var(--ast-global-color-5)","background-image":"","background-repeat":"repeat","background-position":"center center","background-size":"auto","background-attachment":"scroll","background-type":"","background-media":"","overlay-type":"","overlay-color":"","overlay-gradient":""},"tablet":{"background-color":"var(--ast-global-color-5)","background-image":"","background-repeat":"repeat","background-position":"center center","background-size":"auto","background-attachment":"scroll","background-type":"","background-media":"","overlay-type":"","overlay-color":"","overlay-gradient":""},"mobile":{"background-color":"var(--ast-global-color-5)","background-image":"","background-repeat":"repeat","background-position":"center center","background-size":"auto","background-attachment":"scroll","background-type":"","background-media":"","overlay-type":"","overlay-color":"","overlay-gradient":""}},"footnotes":""},"class_list":["post-1462","page","type-page","status-publish","hentry"],"_links":{"self":[{"href":"https:\/\/m9c.idi.ntnu.no\/index.php\/wp-json\/wp\/v2\/pages\/1462","targetHints":{"allow":["GET"]}}],"collection":[{"href":"https:\/\/m9c.idi.ntnu.no\/index.php\/wp-json\/wp\/v2\/pages"}],"about":[{"href":"https:\/\/m9c.idi.ntnu.no\/index.php\/wp-json\/wp\/v2\/types\/page"}],"author":[{"embeddable":true,"href":"https:\/\/m9c.idi.ntnu.no\/index.php\/wp-json\/wp\/v2\/users\/2"}],"replies":[{"embeddable":true,"href":"https:\/\/m9c.idi.ntnu.no\/index.php\/wp-json\/wp\/v2\/comments?post=1462"}],"version-history":[{"count":24,"href":"https:\/\/m9c.idi.ntnu.no\/index.php\/wp-json\/wp\/v2\/pages\/1462\/revisions"}],"predecessor-version":[{"id":1522,"href":"https:\/\/m9c.idi.ntnu.no\/index.php\/wp-json\/wp\/v2\/pages\/1462\/revisions\/1522"}],"wp:attachment":[{"href":"https:\/\/m9c.idi.ntnu.no\/index.php\/wp-json\/wp\/v2\/media?parent=1462"}],"curies":[{"name":"wp","href":"https:\/\/api.w.org\/{rel}","templated":true}]}}